{"id":346,"date":"2025-08-25T16:50:12","date_gmt":"2025-08-25T14:50:12","guid":{"rendered":"https:\/\/www.binkostav.cz\/?page_id=346"},"modified":"2025-08-29T10:29:20","modified_gmt":"2025-08-29T08:29:20","slug":"uvodni-stranka","status":"publish","type":"page","link":"https:\/\/www.binkostav.cz\/","title":{"rendered":"\u00davodn\u00ed str\u00e1nka"},"content":{"rendered":"\r\n<div class=\"wp-block-cover alignfull has-white-background-color has-background-dim hestia-clear-top-padding\">\r\n<div class=\"wp-block-cover__inner-container is-layout-flow wp-block-cover-is-layout-flow\">\r\n<h2 class=\"has-text-align-center has-text-color wp-block-heading\" style=\"color: #3c4858;\">BINKOSTAV &#8211; Stavebn\u00ed spole\u010dnost &#8211; Oslavany<\/h2>\r\n\r\n\r\n\r\n<div style=\"height: 40px;\" aria-hidden=\"true\" class=\"wp-block-spacer\"><\/div>\r\n\r\n\r\n\r\n<div class=\"wp-block-columns container is-layout-flex wp-container-core-columns-is-layout-28f84493 wp-block-columns-is-layout-flex\">\r\n<div class=\"wp-block-column is-layout-flow wp-block-column-is-layout-flow\">\r\n<div class=\"wp-block-image\">\r\n<figure class=\"aligncenter size-large\"><img decoding=\"async\" src=\"https:\/\/www.binkostav.cz\/wp-content\/themes\/hestia\/assets\/img\/feat1.png\" alt=\"\" class=\"wp-image-70\" \/><\/figure>\r\n<\/div>\r\n\r\n\r\n\r\n<h5 class=\"has-text-align-center has-text-color wp-block-heading\" style=\"color: #3c4858; font-size: 18px;\">Responsive<\/h5>\r\n\r\n\r\n\r\n<p class=\"has-text-align-center has-text-color\" style=\"color: #999999; font-size: 14px;\">Lorem ipsum dolor sit amet, consectetur adipiscing elit, sed do eiusmod tempor incididunt ut labore et dolore magna aliqua.<\/p>\r\n\r\n\r\n\r\n<div style=\"height: 25px;\" aria-hidden=\"true\" class=\"wp-block-spacer\"><\/div>\r\n<\/div>\r\n\r\n\r\n\r\n<div class=\"wp-block-column is-layout-flow wp-block-column-is-layout-flow\">\r\n<div class=\"wp-block-image\">\r\n<figure class=\"aligncenter size-large\"><img decoding=\"async\" src=\"https:\/\/www.binkostav.cz\/wp-content\/themes\/hestia\/assets\/img\/feat2.png\" alt=\"\" class=\"wp-image-71\" \/><\/figure>\r\n<\/div>\r\n\r\n\r\n\r\n<h5 class=\"has-text-align-center has-text-color wp-block-heading\" style=\"color: #3c4858; font-size: 18px;\">Quality<\/h5>\r\n\r\n\r\n\r\n<p class=\"has-text-align-center has-text-color\" style=\"color: #999999; font-size: 14px;\">Lorem ipsum dolor sit amet, consectetur adipiscing elit, sed do eiusmod tempor incididunt ut labore et dolore magna aliqua.<\/p>\r\n\r\n\r\n\r\n<div style=\"height: 25px;\" aria-hidden=\"true\" class=\"wp-block-spacer\"><\/div>\r\n<\/div>\r\n\r\n\r\n\r\n<div class=\"wp-block-column is-layout-flow wp-block-column-is-layout-flow\">\r\n<div class=\"wp-block-image\">\r\n<figure class=\"aligncenter size-large\"><img decoding=\"async\" src=\"https:\/\/www.binkostav.cz\/wp-content\/themes\/hestia\/assets\/img\/feat3.png\" alt=\"\" class=\"wp-image-72\" \/><\/figure>\r\n<\/div>\r\n\r\n\r\n\r\n<h5 class=\"has-text-align-center has-text-color wp-block-heading\" style=\"color: #3c4858; font-size: 18px;\">Support<\/h5>\r\n\r\n\r\n\r\n<p class=\"has-text-align-center has-text-color\" style=\"color: #999999; font-size: 14px;\">Lorem ipsum dolor sit amet, consectetur adipiscing elit, sed do eiusmod tempor incididunt ut labore et dolore magna aliqua.<\/p>\r\n\r\n\r\n\r\n<div style=\"height: 25px;\" aria-hidden=\"true\" class=\"wp-block-spacer\"><\/div>\r\n<\/div>\r\n<\/div>\r\n\r\n\r\n\r\n<div style=\"height: 40px;\" aria-hidden=\"true\" class=\"wp-block-spacer\"><\/div>\r\n<\/div>\r\n<\/div>\r\n\r\n\r\n\r\n<div class=\"wp-block-columns container is-layout-flex wp-container-core-columns-is-layout-28f84493 wp-block-columns-is-layout-flex\">\r\n<div class=\"wp-block-column col-md-5 is-layout-flow wp-block-column-is-layout-flow\">\r\n<div style=\"height: 55px;\" aria-hidden=\"true\" class=\"wp-block-spacer\"><\/div>\r\n\r\n\r\n\r\n<h2 class=\"wp-block-heading\">About Hestia<\/h2>\r\n\r\n\r\n\r\n<p>Need more details? Please check our full documentation for detailed information on how to use Hestia.<\/p>\r\n<\/div>\r\n\r\n\r\n\r\n<div class=\"wp-block-column col-md-6 col-md-offset1 is-layout-flow wp-block-column-is-layout-flow\">\r\n<div style=\"height: 55px;\" aria-hidden=\"true\" class=\"wp-block-spacer\"><\/div>\r\n\r\n\r\n\r\n<figure class=\"wp-block-image size-large\"><img decoding=\"async\" src=\"https:\/\/www.binkostav.cz\/wp-content\/themes\/hestia\/assets\/img\/about-content.png\" alt=\"\" class=\"wp-image-81\" \/><\/figure>\r\n\r\n\r\n\r\n<p>&nbsp;<\/p>\r\n<\/div>\r\n<\/div>\r\n","protected":false},"excerpt":{"rendered":"<p>About Hestia Need more details? Please check our full documentation for detailed information on how to use Hestia. &nbsp;<\/p>\n","protected":false},"author":1,"featured_media":645,"parent":0,"menu_order":0,"comment_status":"closed","ping_status":"closed","template":"","meta":{"_themeisle_gutenberg_block_has_review":false,"footnotes":""},"class_list":["post-346","page","type-page","status-publish","has-post-thumbnail","hentry"],"_links":{"self":[{"href":"https:\/\/www.binkostav.cz\/index.php?rest_route=\/wp\/v2\/pages\/346","targetHints":{"allow":["GET"]}}],"collection":[{"href":"https:\/\/www.binkostav.cz\/index.php?rest_route=\/wp\/v2\/pages"}],"about":[{"href":"https:\/\/www.binkostav.cz\/index.php?rest_route=\/wp\/v2\/types\/page"}],"author":[{"embeddable":true,"href":"https:\/\/www.binkostav.cz\/index.php?rest_route=\/wp\/v2\/users\/1"}],"replies":[{"embeddable":true,"href":"https:\/\/www.binkostav.cz\/index.php?rest_route=%2Fwp%2Fv2%2Fcomments&post=346"}],"version-history":[{"count":2,"href":"https:\/\/www.binkostav.cz\/index.php?rest_route=\/wp\/v2\/pages\/346\/revisions"}],"predecessor-version":[{"id":649,"href":"https:\/\/www.binkostav.cz\/index.php?rest_route=\/wp\/v2\/pages\/346\/revisions\/649"}],"wp:featuredmedia":[{"embeddable":true,"href":"https:\/\/www.binkostav.cz\/index.php?rest_route=\/wp\/v2\/media\/645"}],"wp:attachment":[{"href":"https:\/\/www.binkostav.cz\/index.php?rest_route=%2Fwp%2Fv2%2Fmedia&parent=346"}],"curies":[{"name":"wp","href":"https:\/\/api.w.org\/{rel}","templated":true}]}}